{"id":1725,"date":"2023-09-25T10:27:35","date_gmt":"2023-09-25T08:27:35","guid":{"rendered":"https:\/\/neureeh.insyde.at\/seine-weine\/"},"modified":"2023-10-19T13:05:09","modified_gmt":"2023-10-19T11:05:09","slug":"his-wines","status":"publish","type":"page","link":"https:\/\/hannesreeh.at\/en\/his-wines\/","title":{"rendered":"His wines"},"content":{"rendered":"<div class=\"wpb-content-wrapper\"><p>[vc_row][vc_column][vc_single_image image=&#8221;221&#8243; img_size=&#8221;full&#8221; alignment=&#8221;center&#8221;][\/vc_column][\/vc_row][vc_row][vc_column offset=&#8221;vc_hidden-sm vc_hidden-xs&#8221;][vc_empty_space height=&#8221;50px&#8221;][\/vc_column][\/vc_row][vc_row content_placement=&#8221;bottom&#8221; css=&#8221;.vc_custom_1695630332151{padding-right: 5% !important;padding-left: 5% !important;}&#8221;][vc_column width=&#8221;1\/3&#8243;][vc_column_text]Some things unite all wines by Hannes Reeh: they are streamlined and straightforward, they have strong characters, and they bring the taste of the heath to the glass. Despite this, each variety has its own personality. We\u2019ve divided our wines into different groups.[\/vc_column_text][\/vc_column][vc_column width=&#8221;2\/3&#8243;][vc_single_image image=&#8221;222&#8243; img_size=&#8221;400&#215;540&#8243;][\/vc_column][\/vc_row][vc_row][vc_column offset=&#8221;vc_hidden-sm vc_hidden-xs&#8221;][vc_empty_space height=&#8221;50px&#8221;][\/vc_column][\/vc_row][vc_row css=&#8221;.vc_custom_1695301855480{padding-right: 5% !important;padding-left: 5% !important;}&#8221;][vc_column width=&#8221;1\/2&#8243;][vc_column_text]<\/p>\n<h3>Haus &amp; Hof<\/h3>\n<p>This range was created for our classics, our Haus &amp; Hof wines. They are varietals, both red and wine, that offer simple enjoyment. They represent us as a family and as a vineyard, and are the perfect wines for any occasion. The Haus &amp; Hof range includes Wei\u00dfburgunder, Zweigelt, Merlot, and Syrah.<\/p>\n<p><a href=\"http:\/\/hannesreeh.at\/shop\/haus-hof\/\">Shop now<\/a>[\/vc_column_text][vc_column_text]<\/p>\n<h3>Heideboden<\/h3>\n<p>The soil that our wine grows in is what feeds it and gives it its personality. For us, it is the Heideboden that produces exceptional wines in combination with the unique Pannonian climate. Three of our cuv\u00e9es are named after it. They unite a full bouquet and full-bodied style with an elegant freshness. The Cuv\u00e9e Rot showcases velvety tannins that make it the perfect accompaniment to food. Our Cuv\u00e9e Wei\u00df features an aromatic style with mild acidity. We also offer a sweet cuv\u00e9e, which shows off its sophisticated style when paired with strong cheeses, ripe fruits or elegant pastries.<\/p>\n<p><a href=\"http:\/\/hannesreeh.at\/shop\/heideboden\/\">Shop now<\/a>[\/vc_column_text][vc_column_text]<\/p>\n<h3>Limited Edition<\/h3>\n<p>Special wines need special labels. Our Limited Editon wines, Calimero and In Bloom present yourself in an artistic dress. They stand out from the Hannes Reeh Ranch, also visually and in terms of taste. In a positive sense, of course!<\/p>\n<p><a href=\"https:\/\/hannesreeh.at\/shop\/limited-edition\/\">Shop now<\/a>[\/vc_column_text][\/vc_column][vc_column width=&#8221;1\/2&#8243;][vc_column_text]<\/p>\n<h3>Unplugged<\/h3>\n<p>Wine is like music to us \u2013 so that\u2019s why we\u2019ve borrowed a term from the world of music for our wines: unplugged. Unplugged means making music without any electronic amplification. It\u2019s simple, pure music, the kind you would listen to around a campfire. And the wines in our Unplugged range are just as straight and pure. They can hold their own without any unnecessary gimmicks, without finings or other cosmetic treatments \u2013 and that\u2019s exactly what makes them so unique. Our Unplug\u00adged range includes Chardonnay, Zweigelt, Merlot, Cabernet Sauvignon, Cabernet Franc, and a cuv\u00e9e. In particularly good years, these wines are bottled without even being filtered. * In Germany, this range is called Rohstoff.<\/p>\n<p><a href=\"http:\/\/hannesreeh.at\/shop\/unplugged\/\">Shop now<\/a>[\/vc_column_text][vc_column_text]<\/p>\n<h3>Andauer<\/h3>\n<p>Our homeland of Andau can be detected in every single one of our wines: With our Andauer range, we emphasize precisely this quality. The three Andauer wines \u2013 the Cuv\u00e9e Wei\u00df, Ros\u00e9, and Zweigelt \u2013 unite everything that we treasure about this region: the coarseness of the soil, the salty Pannonian air, the sunshine \u2013 all resulting in beautifully rounded, full-bodied wine-drinking pleasure.<\/p>\n<p><a href=\"http:\/\/hannesreeh.at\/shop\/andauer\/\">Shop now<\/a>[\/vc_column_text][vc_column_text]<\/p>\n<h3>Vom Reeh<\/h3>\n<p>Futher grape-based delicasies include our alcohol-free red grape juice with no sugar or additives, our verjus \u2013 a mild alternative to vinegar or lemon juice \u2013 and our high-proff pomace brandy made from the skins and seeds of Zweigelt berries.<\/p>\n<p><a href=\"https:\/\/hannesreeh.at\/shop\/vom-reeh\/\">Shop now<\/a>[\/vc_column_text][\/vc_column][\/vc_row]<\/p>\n<\/div>","protected":false},"excerpt":{"rendered":"<p>[vc_row][vc_column][vc_single_image image=&#8221;221&#8243; img_size=&#8221;full&#8221; alignment=&#8221;center&#8221;][\/vc_column][\/vc_row][vc_row][vc_column offset=&#8221;vc_hidden-sm vc_hidden-xs&#8221;][vc_empty_space height=&#8221;50px&#8221;][\/vc_column][\/vc_row][vc_row content_placement=&#8221;bottom&#8221; css=&#8221;.vc_custom_1695630332151{padding-right: 5% !important;padding-left: 5% !important;}&#8221;][vc_column width=&#8221;1\/3&#8243;][vc_column_text]Some things unite all wines by Hannes Reeh: they are streamlined and straightforward, they have strong characters, and they bring the taste of the heath to the glass. Despite this, each variety has its own personality. We\u2019ve divided our wines into different [&hellip;]<\/p>\n","protected":false},"author":1,"featured_media":0,"parent":0,"menu_order":0,"comment_status":"closed","ping_status":"closed","template":"","meta":{"_acf_changed":false,"ngg_post_thumbnail":0,"ocean_post_layout":"","ocean_both_sidebars_style":"","ocean_both_sidebars_content_width":0,"ocean_both_sidebars_sidebars_width":0,"ocean_sidebar":"","ocean_second_sidebar":"","ocean_disable_margins":"enable","ocean_add_body_class":"","ocean_shortcode_before_top_bar":"","ocean_shortcode_after_top_bar":"","ocean_shortcode_before_header":"","ocean_shortcode_after_header":"","ocean_has_shortcode":"","ocean_shortcode_after_title":"","ocean_shortcode_before_footer_widgets":"","ocean_shortcode_after_footer_widgets":"","ocean_shortcode_before_footer_bottom":"","ocean_shortcode_after_footer_bottom":"","ocean_display_top_bar":"default","ocean_display_header":"default","ocean_header_style":"","ocean_center_header_left_menu":"","ocean_custom_header_template":"","ocean_custom_logo":0,"ocean_custom_retina_logo":0,"ocean_custom_logo_max_width":0,"ocean_custom_logo_tablet_max_width":0,"ocean_custom_logo_mobile_max_width":0,"ocean_custom_logo_max_height":0,"ocean_custom_logo_tablet_max_height":0,"ocean_custom_logo_mobile_max_height":0,"ocean_header_custom_menu":"","ocean_menu_typo_font_family":"","ocean_menu_typo_font_subset":"","ocean_menu_typo_font_size":0,"ocean_menu_typo_font_size_tablet":0,"ocean_menu_typo_font_size_mobile":0,"ocean_menu_typo_font_size_unit":"px","ocean_menu_typo_font_weight":"","ocean_menu_typo_font_weight_tablet":"","ocean_menu_typo_font_weight_mobile":"","ocean_menu_typo_transform":"","ocean_menu_typo_transform_tablet":"","ocean_menu_typo_transform_mobile":"","ocean_menu_typo_line_height":0,"ocean_menu_typo_line_height_tablet":0,"ocean_menu_typo_line_height_mobile":0,"ocean_menu_typo_line_height_unit":"","ocean_menu_typo_spacing":0,"ocean_menu_typo_spacing_tablet":0,"ocean_menu_typo_spacing_mobile":0,"ocean_menu_typo_spacing_unit":"","ocean_menu_link_color":"","ocean_menu_link_color_hover":"","ocean_menu_link_color_active":"","ocean_menu_link_background":"","ocean_menu_link_hover_background":"","ocean_menu_link_active_background":"","ocean_menu_social_links_bg":"","ocean_menu_social_hover_links_bg":"","ocean_menu_social_links_color":"","ocean_menu_social_hover_links_color":"","ocean_disable_title":"default","ocean_disable_heading":"default","ocean_post_title":"","ocean_post_subheading":"","ocean_post_title_style":"","ocean_post_title_background_color":"","ocean_post_title_background":0,"ocean_post_title_bg_image_position":"","ocean_post_title_bg_image_attachment":"","ocean_post_title_bg_image_repeat":"","ocean_post_title_bg_image_size":"","ocean_post_title_height":0,"ocean_post_title_bg_overlay":0.5,"ocean_post_title_bg_overlay_color":"","ocean_disable_breadcrumbs":"default","ocean_breadcrumbs_color":"","ocean_breadcrumbs_separator_color":"","ocean_breadcrumbs_links_color":"","ocean_breadcrumbs_links_hover_color":"","ocean_display_footer_widgets":"default","ocean_display_footer_bottom":"default","ocean_custom_footer_template":"","footnotes":""},"class_list":["post-1725","page","type-page","status-publish","hentry","entry","owp-thumbs-layout-vertical","owp-btn-normal","owp-tabs-layout-section","has-no-thumbnails"],"acf":[],"yoast_head":"<!-- This site is optimized with the Yoast SEO plugin v27.4 - https:\/\/yoast.com\/product\/yoast-seo-wordpress\/ -->\n<title>His wines | Weingut Hannes Reeh | Wein aus Andau<\/title>\n<meta name=\"robots\" content=\"index, follow, max-snippet:-1, max-image-preview:large, max-video-preview:-1\" \/>\n<link rel=\"canonical\" href=\"https:\/\/hannesreeh.at\/en\/his-wines\/\" \/>\n<meta property=\"og:locale\" content=\"en_US\" \/>\n<meta property=\"og:type\" content=\"article\" \/>\n<meta property=\"og:title\" content=\"His wines | Weingut Hannes Reeh | Wein aus Andau\" \/>\n<meta property=\"og:description\" content=\"[vc_row][vc_column][vc_single_image image=&#8221;221&#8243; img_size=&#8221;full&#8221; alignment=&#8221;center&#8221;][\/vc_column][\/vc_row][vc_row][vc_column offset=&#8221;vc_hidden-sm vc_hidden-xs&#8221;][vc_empty_space height=&#8221;50px&#8221;][\/vc_column][\/vc_row][vc_row content_placement=&#8221;bottom&#8221; css=&#8221;.vc_custom_1695630332151{padding-right: 5% !important;padding-left: 5% !important;}&#8221;][vc_column width=&#8221;1\/3&#8243;][vc_column_text]Some things unite all wines by Hannes Reeh: they are streamlined and straightforward, they have strong characters, and they bring the taste of the heath to the glass. Despite this, each variety has its own personality. We\u2019ve divided our wines into different [&hellip;]\" \/>\n<meta property=\"og:url\" content=\"https:\/\/hannesreeh.at\/en\/his-wines\/\" \/>\n<meta property=\"og:site_name\" content=\"Weingut Hannes Reeh | Wein aus Andau\" \/>\n<meta property=\"article:publisher\" content=\"https:\/\/www.facebook.com\/weinguthannesreeh\/?locale=de_DE\" \/>\n<meta property=\"article:modified_time\" content=\"2023-10-19T11:05:09+00:00\" \/>\n<meta property=\"og:image\" content=\"https:\/\/hannesreeh.at\/wp-content\/uploads\/2023\/09\/weingut_hannes_reeh_wein_kaufen_aus_andau_burgenland_buy_vine_burgenland_austria_c_jolly_schwarz_9339-2048x996-1.jpg\" \/>\n\t<meta property=\"og:image:width\" content=\"2048\" \/>\n\t<meta property=\"og:image:height\" content=\"996\" \/>\n\t<meta property=\"og:image:type\" content=\"image\/jpeg\" \/>\n<meta name=\"twitter:card\" content=\"summary_large_image\" \/>\n<script type=\"application\/ld+json\" class=\"yoast-schema-graph\">{\"@context\":\"https:\\\/\\\/schema.org\",\"@graph\":[{\"@type\":\"WebPage\",\"@id\":\"https:\\\/\\\/hannesreeh.at\\\/en\\\/his-wines\\\/\",\"url\":\"https:\\\/\\\/hannesreeh.at\\\/en\\\/his-wines\\\/\",\"name\":\"His wines | Weingut Hannes Reeh | Wein aus Andau\",\"isPartOf\":{\"@id\":\"https:\\\/\\\/hannesreeh.at\\\/#website\"},\"datePublished\":\"2023-09-25T08:27:35+00:00\",\"dateModified\":\"2023-10-19T11:05:09+00:00\",\"breadcrumb\":{\"@id\":\"https:\\\/\\\/hannesreeh.at\\\/en\\\/his-wines\\\/#breadcrumb\"},\"inLanguage\":\"en-US\",\"potentialAction\":[{\"@type\":\"ReadAction\",\"target\":[\"https:\\\/\\\/hannesreeh.at\\\/en\\\/his-wines\\\/\"]}]},{\"@type\":\"BreadcrumbList\",\"@id\":\"https:\\\/\\\/hannesreeh.at\\\/en\\\/his-wines\\\/#breadcrumb\",\"itemListElement\":[{\"@type\":\"ListItem\",\"position\":1,\"name\":\"Home\",\"item\":\"https:\\\/\\\/hannesreeh.at\\\/en\\\/\"},{\"@type\":\"ListItem\",\"position\":2,\"name\":\"His wines\"}]},{\"@type\":\"WebSite\",\"@id\":\"https:\\\/\\\/hannesreeh.at\\\/#website\",\"url\":\"https:\\\/\\\/hannesreeh.at\\\/\",\"name\":\"Weingut Hannes Reeh\",\"description\":\"Wein aus Andau\",\"publisher\":{\"@id\":\"https:\\\/\\\/hannesreeh.at\\\/#organization\"},\"alternateName\":\"Hannes Reeh\",\"potentialAction\":[{\"@type\":\"SearchAction\",\"target\":{\"@type\":\"EntryPoint\",\"urlTemplate\":\"https:\\\/\\\/hannesreeh.at\\\/?s={search_term_string}\"},\"query-input\":{\"@type\":\"PropertyValueSpecification\",\"valueRequired\":true,\"valueName\":\"search_term_string\"}}],\"inLanguage\":\"en-US\"},{\"@type\":\"Organization\",\"@id\":\"https:\\\/\\\/hannesreeh.at\\\/#organization\",\"name\":\"Weingut Hannes Reeh\",\"url\":\"https:\\\/\\\/hannesreeh.at\\\/\",\"logo\":{\"@type\":\"ImageObject\",\"inLanguage\":\"en-US\",\"@id\":\"https:\\\/\\\/hannesreeh.at\\\/#\\\/schema\\\/logo\\\/image\\\/\",\"url\":\"https:\\\/\\\/hannesreeh.at\\\/wp-content\\\/uploads\\\/2023\\\/09\\\/weingut_hannes_reeh_wein_kaufen_aus_andau_burgenland_buy_vine_burgenland_austria_c_jolly_schwarz_9339-2048x996-1.jpg\",\"contentUrl\":\"https:\\\/\\\/hannesreeh.at\\\/wp-content\\\/uploads\\\/2023\\\/09\\\/weingut_hannes_reeh_wein_kaufen_aus_andau_burgenland_buy_vine_burgenland_austria_c_jolly_schwarz_9339-2048x996-1.jpg\",\"width\":2048,\"height\":996,\"caption\":\"Weingut Hannes Reeh\"},\"image\":{\"@id\":\"https:\\\/\\\/hannesreeh.at\\\/#\\\/schema\\\/logo\\\/image\\\/\"},\"sameAs\":[\"https:\\\/\\\/www.facebook.com\\\/weinguthannesreeh\\\/?locale=de_DE\",\"https:\\\/\\\/www.instagram.com\\\/weingut_hannes_reeh\\\/\"]}]}<\/script>\n<!-- \/ Yoast SEO plugin. -->","yoast_head_json":{"title":"His wines | Weingut Hannes Reeh | Wein aus Andau","robots":{"index":"index","follow":"follow","max-snippet":"max-snippet:-1","max-image-preview":"max-image-preview:large","max-video-preview":"max-video-preview:-1"},"canonical":"https:\/\/hannesreeh.at\/en\/his-wines\/","og_locale":"en_US","og_type":"article","og_title":"His wines | Weingut Hannes Reeh | Wein aus Andau","og_description":"[vc_row][vc_column][vc_single_image image=&#8221;221&#8243; img_size=&#8221;full&#8221; alignment=&#8221;center&#8221;][\/vc_column][\/vc_row][vc_row][vc_column offset=&#8221;vc_hidden-sm vc_hidden-xs&#8221;][vc_empty_space height=&#8221;50px&#8221;][\/vc_column][\/vc_row][vc_row content_placement=&#8221;bottom&#8221; css=&#8221;.vc_custom_1695630332151{padding-right: 5% !important;padding-left: 5% !important;}&#8221;][vc_column width=&#8221;1\/3&#8243;][vc_column_text]Some things unite all wines by Hannes Reeh: they are streamlined and straightforward, they have strong characters, and they bring the taste of the heath to the glass. Despite this, each variety has its own personality. We\u2019ve divided our wines into different [&hellip;]","og_url":"https:\/\/hannesreeh.at\/en\/his-wines\/","og_site_name":"Weingut Hannes Reeh | Wein aus Andau","article_publisher":"https:\/\/www.facebook.com\/weinguthannesreeh\/?locale=de_DE","article_modified_time":"2023-10-19T11:05:09+00:00","og_image":[{"width":2048,"height":996,"url":"https:\/\/hannesreeh.at\/wp-content\/uploads\/2023\/09\/weingut_hannes_reeh_wein_kaufen_aus_andau_burgenland_buy_vine_burgenland_austria_c_jolly_schwarz_9339-2048x996-1.jpg","type":"image\/jpeg"}],"twitter_card":"summary_large_image","schema":{"@context":"https:\/\/schema.org","@graph":[{"@type":"WebPage","@id":"https:\/\/hannesreeh.at\/en\/his-wines\/","url":"https:\/\/hannesreeh.at\/en\/his-wines\/","name":"His wines | Weingut Hannes Reeh | Wein aus Andau","isPartOf":{"@id":"https:\/\/hannesreeh.at\/#website"},"datePublished":"2023-09-25T08:27:35+00:00","dateModified":"2023-10-19T11:05:09+00:00","breadcrumb":{"@id":"https:\/\/hannesreeh.at\/en\/his-wines\/#breadcrumb"},"inLanguage":"en-US","potentialAction":[{"@type":"ReadAction","target":["https:\/\/hannesreeh.at\/en\/his-wines\/"]}]},{"@type":"BreadcrumbList","@id":"https:\/\/hannesreeh.at\/en\/his-wines\/#breadcrumb","itemListElement":[{"@type":"ListItem","position":1,"name":"Home","item":"https:\/\/hannesreeh.at\/en\/"},{"@type":"ListItem","position":2,"name":"His wines"}]},{"@type":"WebSite","@id":"https:\/\/hannesreeh.at\/#website","url":"https:\/\/hannesreeh.at\/","name":"Weingut Hannes Reeh","description":"Wein aus Andau","publisher":{"@id":"https:\/\/hannesreeh.at\/#organization"},"alternateName":"Hannes Reeh","potentialAction":[{"@type":"SearchAction","target":{"@type":"EntryPoint","urlTemplate":"https:\/\/hannesreeh.at\/?s={search_term_string}"},"query-input":{"@type":"PropertyValueSpecification","valueRequired":true,"valueName":"search_term_string"}}],"inLanguage":"en-US"},{"@type":"Organization","@id":"https:\/\/hannesreeh.at\/#organization","name":"Weingut Hannes Reeh","url":"https:\/\/hannesreeh.at\/","logo":{"@type":"ImageObject","inLanguage":"en-US","@id":"https:\/\/hannesreeh.at\/#\/schema\/logo\/image\/","url":"https:\/\/hannesreeh.at\/wp-content\/uploads\/2023\/09\/weingut_hannes_reeh_wein_kaufen_aus_andau_burgenland_buy_vine_burgenland_austria_c_jolly_schwarz_9339-2048x996-1.jpg","contentUrl":"https:\/\/hannesreeh.at\/wp-content\/uploads\/2023\/09\/weingut_hannes_reeh_wein_kaufen_aus_andau_burgenland_buy_vine_burgenland_austria_c_jolly_schwarz_9339-2048x996-1.jpg","width":2048,"height":996,"caption":"Weingut Hannes Reeh"},"image":{"@id":"https:\/\/hannesreeh.at\/#\/schema\/logo\/image\/"},"sameAs":["https:\/\/www.facebook.com\/weinguthannesreeh\/?locale=de_DE","https:\/\/www.instagram.com\/weingut_hannes_reeh\/"]}]}},"publishpress_future_action":{"enabled":false,"date":"2026-04-29 17:33:30","action":"change-status","newStatus":"draft","terms":[],"taxonomy":"translation_priority","extraData":[]},"publishpress_future_workflow_manual_trigger":{"enabledWorkflows":[]},"_links":{"self":[{"href":"https:\/\/hannesreeh.at\/en\/wp-json\/wp\/v2\/pages\/1725","targetHints":{"allow":["GET"]}}],"collection":[{"href":"https:\/\/hannesreeh.at\/en\/wp-json\/wp\/v2\/pages"}],"about":[{"href":"https:\/\/hannesreeh.at\/en\/wp-json\/wp\/v2\/types\/page"}],"author":[{"embeddable":true,"href":"https:\/\/hannesreeh.at\/en\/wp-json\/wp\/v2\/users\/1"}],"replies":[{"embeddable":true,"href":"https:\/\/hannesreeh.at\/en\/wp-json\/wp\/v2\/comments?post=1725"}],"version-history":[{"count":3,"href":"https:\/\/hannesreeh.at\/en\/wp-json\/wp\/v2\/pages\/1725\/revisions"}],"predecessor-version":[{"id":1730,"href":"https:\/\/hannesreeh.at\/en\/wp-json\/wp\/v2\/pages\/1725\/revisions\/1730"}],"wp:attachment":[{"href":"https:\/\/hannesreeh.at\/en\/wp-json\/wp\/v2\/media?parent=1725"}],"curies":[{"name":"wp","href":"https:\/\/api.w.org\/{rel}","templated":true}]}}